{"id":2657,"date":"2019-01-27T19:50:38","date_gmt":"2019-01-27T17:50:38","guid":{"rendered":"http:\/\/www.faluspelmanslag.se\/?page_id=2657"},"modified":"2024-10-08T13:38:33","modified_gmt":"2024-10-08T11:38:33","slug":"kurslatar-framby-udde-2019","status":"publish","type":"page","link":"https:\/\/faluspelmanslag.se\/?page_id=2657","title":{"rendered":"Kursl\u00e5tar Fr\u00e4mby Udde 2019"},"content":{"rendered":"<p>Inspelningar fr\u00e5n Kursen p\u00e5 Fr\u00e4mby Udde med Anders Alml\u00f6f och Per Hardestam 26 Januari 2019<\/p>\n<hr \/>\n<p>Anders Alml\u00f6fs l\u00e5tar<\/p>\n<p>Polska e Erkg\u00e4rds Mats<\/p>\n<audio class=\"wp-audio-shortcode\" id=\"audio-2657-1\" preload=\"none\" style=\"width: 100%;\" controls=\"controls\"><source type=\"audio\/mpeg\" src=\"http:\/\/www.faluspelmanslag.se\/wp-content\/uploads\/2019\/01\/Polska-e-Erkg\u00e4rds-Mats.mp3?_=1\" \/><a href=\"http:\/\/www.faluspelmanslag.se\/wp-content\/uploads\/2019\/01\/Polska-e-Erkg\u00e4rds-Mats.mp3\">http:\/\/www.faluspelmanslag.se\/wp-content\/uploads\/2019\/01\/Polska-e-Erkg\u00e4rds-Mats.mp3<\/a><\/audio>\n<p>&nbsp;<\/p>\n<p>Springlek e Fj\u00f6s Erik<\/p>\n<audio class=\"wp-audio-shortcode\" id=\"audio-2657-2\" preload=\"none\" style=\"width: 100%;\" controls=\"controls\"><source type=\"audio\/mpeg\" src=\"http:\/\/www.faluspelmanslag.se\/wp-content\/uploads\/2019\/01\/Springlek-efter-Fj\u00f6s-Erik.mp3?_=2\" \/><a href=\"http:\/\/www.faluspelmanslag.se\/wp-content\/uploads\/2019\/01\/Springlek-efter-Fj\u00f6s-Erik.mp3\">http:\/\/www.faluspelmanslag.se\/wp-content\/uploads\/2019\/01\/Springlek-efter-Fj\u00f6s-Erik.mp3<\/a><\/audio>\n<p>&nbsp;<\/p>\n<p>Gamle Per Moen Pols fr\u00e5n Egerdal<\/p>\n<audio class=\"wp-audio-shortcode\" id=\"audio-2657-3\" preload=\"none\" style=\"width: 100%;\" controls=\"controls\"><source type=\"audio\/mpeg\" src=\"http:\/\/www.faluspelmanslag.se\/wp-content\/uploads\/2019\/01\/Gamle-Per-Moen-Pols-fr-Engerdal.mp3?_=3\" \/><a href=\"http:\/\/www.faluspelmanslag.se\/wp-content\/uploads\/2019\/01\/Gamle-Per-Moen-Pols-fr-Engerdal.mp3\">http:\/\/www.faluspelmanslag.se\/wp-content\/uploads\/2019\/01\/Gamle-Per-Moen-Pols-fr-Engerdal.mp3<\/a><\/audio>\n<p>&nbsp;<\/p>\n<p>(Stabb)March e Henning Tr\u00f6en<\/p>\n<audio class=\"wp-audio-shortcode\" id=\"audio-2657-4\" preload=\"none\" style=\"width: 100%;\" controls=\"controls\"><source type=\"audio\/mpeg\" src=\"http:\/\/www.faluspelmanslag.se\/wp-content\/uploads\/2019\/01\/March-e-Henning-Tr\u00f6en.mp3?_=4\" \/><a href=\"http:\/\/www.faluspelmanslag.se\/wp-content\/uploads\/2019\/01\/March-e-Henning-Tr\u00f6en.mp3\">http:\/\/www.faluspelmanslag.se\/wp-content\/uploads\/2019\/01\/March-e-Henning-Tr\u00f6en.mp3<\/a><\/audio>\n<p>&nbsp;<\/p>\n<hr \/>\n<p>Per Hardestams l\u00e5tar<\/p>\n<p>LillOla Mann polska e Spak Erik<\/p>\n<audio class=\"wp-audio-shortcode\" id=\"audio-2657-5\" preload=\"none\" style=\"width: 100%;\" controls=\"controls\"><source type=\"audio\/mpeg\" src=\"http:\/\/www.faluspelmanslag.se\/wp-content\/uploads\/2019\/01\/Lillola-Mann-polska-e-Spak-Erik.mp3?_=5\" \/><a href=\"http:\/\/www.faluspelmanslag.se\/wp-content\/uploads\/2019\/01\/Lillola-Mann-polska-e-Spak-Erik.mp3\">http:\/\/www.faluspelmanslag.se\/wp-content\/uploads\/2019\/01\/Lillola-Mann-polska-e-Spak-Erik.mp3<\/a><\/audio>\n<p>&nbsp;<\/p>\n<p>Polska e Spak Erik S\u00e4rna\u00a0 (variant p\u00e5 H\u00e5rgal\u00e5ten)<\/p>\n<audio class=\"wp-audio-shortcode\" id=\"audio-2657-6\" preload=\"none\" style=\"width: 100%;\" controls=\"controls\"><source type=\"audio\/mpeg\" src=\"http:\/\/www.faluspelmanslag.se\/wp-content\/uploads\/2019\/01\/Polska-e-Spak-Erik-S\u00e4rna.mp3?_=6\" \/><a href=\"http:\/\/www.faluspelmanslag.se\/wp-content\/uploads\/2019\/01\/Polska-e-Spak-Erik-S\u00e4rna.mp3\">http:\/\/www.faluspelmanslag.se\/wp-content\/uploads\/2019\/01\/Polska-e-Spak-Erik-S\u00e4rna.mp3<\/a><\/audio>\n<p>&nbsp;<\/p>\n<p>Polsk e Helmer K\u00f6lvagn Engerdal<\/p>\n<audio class=\"wp-audio-shortcode\" id=\"audio-2657-7\" preload=\"none\" style=\"width: 100%;\" controls=\"controls\"><source type=\"audio\/mpeg\" src=\"http:\/\/www.faluspelmanslag.se\/wp-content\/uploads\/2019\/01\/Polsk-e-Helmer-K\u00f6lvagn-Egerdal.mp3?_=7\" \/><a href=\"http:\/\/www.faluspelmanslag.se\/wp-content\/uploads\/2019\/01\/Polsk-e-Helmer-K\u00f6lvagn-Egerdal.mp3\">http:\/\/www.faluspelmanslag.se\/wp-content\/uploads\/2019\/01\/Polsk-e-Helmer-K\u00f6lvagn-Egerdal.mp3<\/a><\/audio>\n<p>&nbsp;<\/p>\n<p>GammelHurven e Spak Erik<\/p>\n<audio class=\"wp-audio-shortcode\" id=\"audio-2657-8\" preload=\"none\" style=\"width: 100%;\" controls=\"controls\"><source type=\"audio\/mpeg\" src=\"http:\/\/www.faluspelmanslag.se\/wp-content\/uploads\/2019\/01\/Gammel-Hurven-e-Spak-Erik.mp3?_=8\" \/><a href=\"http:\/\/www.faluspelmanslag.se\/wp-content\/uploads\/2019\/01\/Gammel-Hurven-e-Spak-Erik.mp3\">http:\/\/www.faluspelmanslag.se\/wp-content\/uploads\/2019\/01\/Gammel-Hurven-e-Spak-Erik.mp3<\/a><\/audio>\n<p>&nbsp;<\/p>\n<p>&nbsp;<\/p>\n<p>&nbsp;<\/p>\n","protected":false},"excerpt":{"rendered":"<p>Inspelningar fr\u00e5n Kursen p\u00e5 Fr\u00e4mby Udde med Anders Alml\u00f6f och Per Hardestam 26 Januari 2019 Anders Alml\u00f6fs l\u00e5tar Polska e Erkg\u00e4rds Mats &nbsp; Springlek e Fj\u00f6s Erik &nbsp; Gamle Per &hellip; <a href=\"https:\/\/faluspelmanslag.se\/?page_id=2657\" class=\"more-link\">Forts\u00e4tt l\u00e4sa <span class=\"screen-reader-text\">Kursl\u00e5tar Fr\u00e4mby Udde 2019<\/span> <span class=\"meta-nav\">&rarr;<\/span><\/a><\/p>\n","protected":false},"author":90,"featured_media":0,"parent":4888,"menu_order":0,"comment_status":"closed","ping_status":"closed","template":"","meta":{"_crdt_document":"","_uag_custom_page_level_css":"","ngg_post_thumbnail":0,"footnotes":""},"class_list":["post-2657","page","type-page","status-publish","hentry"],"uagb_featured_image_src":{"full":false,"thumbnail":false,"medium":false,"medium_large":false,"large":false,"1536x1536":false,"2048x2048":false,"post-thumbnail":false},"uagb_author_info":{"display_name":"Hans Olander","author_link":"https:\/\/faluspelmanslag.se\/?author=90"},"uagb_comment_info":0,"uagb_excerpt":"Inspelningar fr\u00e5n Kursen p\u00e5 Fr\u00e4mby Udde med Anders Alml\u00f6f och Per Hardestam 26 Januari 2019 Anders Alml\u00f6fs l\u00e5tar Polska e Erkg\u00e4rds Mats &nbsp; Springlek e Fj\u00f6s Erik &nbsp; Gamle Per &hellip; Forts\u00e4tt l\u00e4sa Kursl\u00e5tar Fr\u00e4mby Udde 2019 &rarr;","_links":{"self":[{"href":"https:\/\/faluspelmanslag.se\/index.php?rest_route=\/wp\/v2\/pages\/2657","targetHints":{"allow":["GET"]}}],"collection":[{"href":"https:\/\/faluspelmanslag.se\/index.php?rest_route=\/wp\/v2\/pages"}],"about":[{"href":"https:\/\/faluspelmanslag.se\/index.php?rest_route=\/wp\/v2\/types\/page"}],"author":[{"embeddable":true,"href":"https:\/\/faluspelmanslag.se\/index.php?rest_route=\/wp\/v2\/users\/90"}],"replies":[{"embeddable":true,"href":"https:\/\/faluspelmanslag.se\/index.php?rest_route=%2Fwp%2Fv2%2Fcomments&post=2657"}],"version-history":[{"count":1,"href":"https:\/\/faluspelmanslag.se\/index.php?rest_route=\/wp\/v2\/pages\/2657\/revisions"}],"predecessor-version":[{"id":2666,"href":"https:\/\/faluspelmanslag.se\/index.php?rest_route=\/wp\/v2\/pages\/2657\/revisions\/2666"}],"up":[{"embeddable":true,"href":"https:\/\/faluspelmanslag.se\/index.php?rest_route=\/wp\/v2\/pages\/4888"}],"wp:attachment":[{"href":"https:\/\/faluspelmanslag.se\/index.php?rest_route=%2Fwp%2Fv2%2Fmedia&parent=2657"}],"curies":[{"name":"wp","href":"https:\/\/api.w.org\/{rel}","templated":true}]}}