{"id":4907,"date":"2024-10-08T14:50:01","date_gmt":"2024-10-08T12:50:01","guid":{"rendered":"https:\/\/www.faluspelmanslag.se\/?page_id=4907"},"modified":"2026-03-17T12:31:52","modified_gmt":"2026-03-17T10:31:52","slug":"ovriga-latar","status":"publish","type":"page","link":"https:\/\/faluspelmanslag.se\/?page_id=4907","title":{"rendered":"\u00d6vriga l\u00e5tar"},"content":{"rendered":"\n<div class=\"wp-block-columns is-layout-flex wp-container-core-columns-is-layout-8f761849 wp-block-columns-is-layout-flex\">\n<div class=\"wp-block-column is-layout-flow wp-block-column-is-layout-flow\">\n<h2 class=\"wp-block-heading\">Schottis<\/h2>\n\n\n\n<p class=\"wp-block-paragraph\"><a href=\"https:\/\/www.faluspelmanslag.se\/wp-content\/uploads\/2021\/08\/Bingsjoschottis-e-Agenmark.mp3\">Bingsj\u00f6schottis<\/a><br><a href=\"https:\/\/www.faluspelmanslag.se\/wp-content\/uploads\/2019\/02\/06-Boda-kn\u00e4ppschottis.mp3\">Boda kn\u00e4ppschottis<\/a><br><a href=\"https:\/\/www.faluspelmanslag.se\/wp-content\/uploads\/2019\/02\/10-Bremsen.mp3\">Bremsen<\/a><br><a href=\"https:\/\/www.faluspelmanslag.se\/wp-content\/uploads\/2019\/02\/21-B\u00e4snaschottis.mp3\">B\u00e4snaschottis<\/a><br><a href=\"https:\/\/www.faluspelmanslag.se\/wp-content\/uploads\/2021\/08\/Bingsjoschottis-e-Agenmark.mp3\">Cykelhandlarn\u2019s efter Nils Agenmark<\/a><br><a href=\"https:\/\/www.faluspelmanslag.se\/wp-content\/uploads\/2023\/01\/Elin-schottis.mp3\">Elins av Maria \u00c4hdel<\/a><br><a href=\"https:\/\/www.faluspelmanslag.se\/wp-content\/uploads\/2018\/03\/Schottis-W-Hedlund.mp3\">F-duringen efter Wilhelm Hedund<\/a><br><a href=\"https:\/\/faluspelmanslag.se\/wp-content\/uploads\/2024\/10\/Fire-Shilling.mp3\">Fire Shilling<\/a><br><a href=\"https:\/\/www.faluspelmanslag.se\/wp-content\/uploads\/2019\/02\/18-Ivar-Bergmans-schottis.mp3\">Ivar Bergmans schottis<\/a><br><a href=\"https:\/\/www.faluspelmanslag.se\/wp-content\/uploads\/2019\/02\/09-Jiddish-schottis.mp3\">Jiddisch schottis<\/a><br><a href=\"https:\/\/www.faluspelmanslag.se\/wp-content\/uploads\/2022\/03\/Mobergs-Schottis.mp3\">Mobergs av Lars Moberg<\/a><br><a href=\"https:\/\/www.faluspelmanslag.se\/wp-content\/uploads\/2020\/02\/Normans-Schottis.mp3\">Normans schottis av Maria Jonsson<\/a> <a href=\"https:\/\/www.faluspelmanslag.se\/wp-content\/uploads\/2020\/02\/normans-schottis-scaled.jpg\">Noter=><\/a><br><a href=\"https:\/\/www.faluspelmanslag.se\/wp-content\/uploads\/2022\/03\/Piddellipom-tempo-1.mp3\">Piddelipom av Carina Normansson<\/a> <a href=\"https:\/\/www.faluspelmanslag.se\/wp-content\/uploads\/2020\/01\/Carina-Normansson-Piddellipom.pdf\">Noter=><\/a> <a href=\"https:\/\/www.faluspelmanslag.se\/wp-content\/uploads\/2022\/03\/Piddellipom-sakta.mp3\">l\u00e5ngsam=><\/a><br><a href=\"https:\/\/www.faluspelmanslag.se\/wp-content\/uploads\/2022\/03\/Reinla\u0308nder-fr-Transtrand-e-Omas-Per.mp3\">Rheinl\u00e4nder fr\u00e5n Transtrand efter Omas Per<\/a> <a href=\"https:\/\/www.faluspelmanslag.se\/wp-content\/uploads\/2022\/04\/Reinla\u0308nder-Transtrand.pdf\">Noter=><\/a><br><a href=\"https:\/\/www.faluspelmanslag.se\/wp-content\/uploads\/2019\/02\/11-Schottis-av-Per-Gustafsson.mp3\">Schottis av Per Gustafsson<\/a><br><a href=\"https:\/\/www.faluspelmanslag.se\/wp-content\/uploads\/2019\/02\/16-Schottis-fr\u00e5n-R\u00f6rostrakten.mp3\">I Kvartslage schottis fr\u00e5n R\u00f6rostrakten<\/a><br><a href=\"https:\/\/www.faluspelmanslag.se\/wp-content\/uploads\/2020\/02\/Sjuttisen.mp3\">Sjuttis av Lars H\u00f6kpers<\/a><a href=\"https:\/\/www.faluspelmanslag.se\/wp-content\/uploads\/2020\/02\/sjuttis-scaled.jpg\"> Noter=><\/a><br><a href=\"https:\/\/www.faluspelmanslag.se\/wp-content\/uploads\/2013\/09\/15-Skuttunge.mp3\">Skuttungeschottis<\/a><br><a href=\"https:\/\/www.faluspelmanslag.se\/wp-content\/uploads\/2022\/03\/Spindeln-FSL-Normal.mp3\">Spindeln av Leif Elving<\/a> <a href=\"https:\/\/www.faluspelmanslag.se\/wp-content\/uploads\/2022\/03\/Spindeln-langsam.mp3\">L\u00e5ngsamt=><\/a><br><a href=\"http:\/\/www.faluspelmanslag.se\/wp-content\/uploads\/2018\/10\/Svantes-Schottis.mp3\">Svens schottis<\/a> med Lars H\u00f6kpers<br><a href=\"https:\/\/www.faluspelmanslag.se\/wp-content\/uploads\/2019\/02\/12-Svens-schottis.mp3\">Svens schottis av Lars H\u00f6kpers<\/a> Fr\u00e5n Kassetten<br><a href=\"https:\/\/www.faluspelmanslag.se\/wp-content\/uploads\/2019\/02\/17-Tomas-H\u00e5\u00e5rds-schottis.mp3\">Tomas H\u00e5\u00e5rds schottis<\/a><br><a href=\"https:\/\/www.faluspelmanslag.se\/wp-content\/uploads\/2013\/09\/PGU-TYP.mp3\">Tyska polskan efter Erik Rydberg<\/a><br><a href=\"https:\/\/www.faluspelmanslag.se\/wp-content\/uploads\/2018\/01\/Whiskey-Meatballs-and-Beer.mp3\">Whisky, meatballs and beer av Ola B\u00e4ckstr\u00f6m<\/a><br><a href=\"https:\/\/www.faluspelmanslag.se\/wp-content\/uploads\/2026\/03\/Ante-Falk-Hastschottis-KEE-.mp3\">Ante Falk ,Rej\u00e4nder, \u201dH\u00e4st-schottis\u201d<\/a><br><\/p>\n\n\n\n<h2 class=\"wp-block-heading\">Stjuls<\/h2>\n\n\n\n<p class=\"wp-block-paragraph\"><a href=\"https:\/\/www.faluspelmanslag.se\/wp-content\/uploads\/2019\/02\/24-Stjuls-eft-Nylands-Erik.mp3\">Stjuls efter Nylands Erik<\/a><br><a href=\"https:\/\/www.faluspelmanslag.se\/wp-content\/uploads\/2019\/02\/08-Stjuls-eft-Fyr-Anders.mp3\">Stjuls efter Fyr-Anders<\/a><\/p>\n\n\n\n<h2 class=\"wp-block-heading\">\u00d6vriga l\u00e5tar<\/h2>\n\n\n\n<p class=\"wp-block-paragraph\"><a href=\"https:\/\/www.faluspelmanslag.se\/wp-content\/uploads\/2024\/05\/Stabergs-ganglat.m4a\">Stabergs g\u00e5ngl\u00e5t av Jan \u00c5slund<\/a><br><a href=\"https:\/\/www.faluspelmanslag.se\/wp-content\/uploads\/2022\/03\/Dala-fest-av-Nelly-\u00d6stlund.mp3\">Dalafest, g\u00e5ngl\u00e5t av Nelly \u00d6stlund<\/a> <a href=\"https:\/\/www.faluspelmanslag.se\/wp-content\/uploads\/2022\/04\/Dalafest-g\u00e5ngl\u00e5t-av-Nelly-\u00d6stlund-Rossberga.pdf\">Noter==&gt;<\/a><br><a href=\"https:\/\/www.faluspelmanslag.se\/wp-content\/uploads\/2022\/03\/Pasir-Panjang-Road.mp3\">Pasir-Panjang road av Lars Moberg<\/a><br><a href=\"https:\/\/www.faluspelmanslag.se\/wp-content\/uploads\/2022\/02\/Kyrkmarsch-Moden.mp3\">Kyrkmarsch av Arne Mod\u00e9n<\/a> <a href=\"https:\/\/www.faluspelmanslag.se\/wp-content\/uploads\/2022\/02\/Kyrkmarsch2022_01_31-12_18-Office-Lens.pdf\">Noter==&gt;<\/a><br><a href=\"https:\/\/www.faluspelmanslag.se\/wp-content\/uploads\/2020\/02\/Lerdalsl\u00e5ten-av-S\u00e4bb-Anders.mp3\">Lerdalsl\u00e5ten av S\u00e4bb-Anders<\/a><br><a href=\"https:\/\/www.faluspelmanslag.se\/wp-content\/uploads\/2019\/01\/March-e-Henning-Tr\u00f6en.mp3\">Marsch efter Henning Tr\u00f6en<\/a><br><a href=\"https:\/\/www.faluspelmanslag.se\/wp-content\/uploads\/2018\/08\/Ingels-Jans-g\u00e5ngl\u00e5t19.m4a\">Ingels Jans g\u00e5ngl\u00e5t<\/a> <a href=\"https:\/\/www.faluspelmanslag.se\/wp-content\/uploads\/2018\/08\/Ingels-jans-g\u00e5ngl\u00e5t.jpg\">Noter==&gt;<\/a><br><a href=\"https:\/\/www.faluspelmanslag.se\/wp-content\/uploads\/2025\/04\/Ganglat-Vid-gammelgardenav-Nils-Wiklund-en.m4a\">G\u00e5ngl\u00e5t av Nils Wiklund<\/a> <a href=\"https:\/\/www.faluspelmanslag.se\/wp-content\/uploads\/2025\/04\/IMG_0375-scaled.jpeg\">Noter==&gt;<\/a><br><a href=\"https:\/\/www.faluspelmanslag.se\/wp-content\/uploads\/2025\/03\/Blidstrom-menuet-18-PG.mp3\">Menuett nr 18 Gustav Blidstr\u00f6m<\/a> ==&gt; <a href=\"https:\/\/www.faluspelmanslag.se\/wp-content\/uploads\/2025\/03\/Blidstrom-menuett-18-handskrift.pdf\"><em>Noter<\/em><\/a><br><a href=\"https:\/\/www.faluspelmanslag.se\/wp-content\/uploads\/2025\/04\/Ganglat-Vid-gammelgardenav-Nils-Wiklund-en.m4a\">Vid Gammelg\u00e5rden av Nils Wiklund<\/a> ==&gt; <a href=\"https:\/\/www.faluspelmanslag.se\/wp-content\/uploads\/2025\/04\/IMG_0375-scaled.jpeg\">Noter<\/a><br><a href=\"https:\/\/www.faluspelmanslag.se\/wp-content\/uploads\/2025\/05\/Nederlandsk-balfolk-latar.mp3\">Tv\u00e5 balfolk-l\u00e5tar fr\u00e5n Nederl\u00e4nderna<\/a>==&gt;<a href=\"https:\/\/www.faluspelmanslag.se\/wp-content\/uploads\/2025\/05\/nederlandska-noter-15-maj-2025.pdf\">Noter<\/a><\/p>\n\n\n\n<p class=\"wp-block-paragraph\"><\/p>\n\n\n\n<p class=\"wp-block-paragraph\"><\/p>\n<\/div>\n\n\n\n<div class=\"wp-block-column is-layout-flow wp-block-column-is-layout-flow\">\n<h2 class=\"wp-block-heading\">Vals<\/h2>\n\n\n\n<p class=\"wp-block-paragraph\"><a href=\"https:\/\/www.faluspelmanslag.se\/wp-content\/uploads\/2013\/09\/14-Bosses-och-Ylvas.mp3\">Bosse och Ylvas brudvals av Roger Tallroth<\/a><br><a href=\"https:\/\/www.faluspelmanslag.se\/wp-content\/uploads\/2024\/09\/Blinde-Palms-Durvals.mp3\">Blinde Palms Durvals<\/a><br><a href=\"https:\/\/www.faluspelmanslag.se\/wp-content\/uploads\/2019\/02\/02-Finnskovalsen.mp3\">\u201dFinnskovalsen\u201d av Sven Nyhus<\/a><br><a href=\"https:\/\/www.faluspelmanslag.se\/wp-content\/uploads\/2016\/09\/Gambt-Berg-P\u00e5lKarl-Valserna-1.mp3\">GamtBerg och P\u00e5l-Karl valserna<\/a> <a href=\"https:\/\/www.faluspelmanslag.se\/wp-content\/uploads\/2016\/09\/GambtBerg-P\u00e5l-Karl-St\u00e4mmor-1.mp3\">St\u00e4mmor=><\/a><br><a href=\"https:\/\/www.faluspelmanslag.se\/wp-content\/uploads\/2016\/09\/Gudbrandsdalsvals-i-Gm.e-HW-Brimi1.mp3\">Hovedmillomleken av Hans Brimi<\/a><br><a href=\"https:\/\/www.faluspelmanslag.se\/wp-content\/uploads\/2019\/02\/06-Hultkl\u00e4ppens-Vals.mp3\">Hultkl\u00e4ppen vals<\/a>\u00a0 \u00a0 \u00a0 \u00a0 \u00a0<br><a href=\"https:\/\/www.faluspelmanslag.se\/wp-content\/uploads\/2019\/02\/26-Vals-av-Lars-H\u00f6kpers.mp3\">H\u00f6kpers vals av Lars H\u00f6kpers\u00a0<\/a> \u00a0<br><a href=\"https:\/\/www.faluspelmanslag.se\/wp-content\/uploads\/2022\/03\/Ingegerds-vals-2.mp3\">Ingegerds vals av G\u00f6ran F\u00e4lt<\/a><br><a href=\"https:\/\/www.faluspelmanslag.se\/wp-content\/uploads\/2013\/09\/INTESOV.mp3\">Inte sova, vals av Maria Jonsson<\/a><br><a href=\"https:\/\/www.faluspelmanslag.se\/wp-content\/uploads\/2013\/09\/LH-Lisselh\u00e4rbresvalsen.mp3\">Lissh\u00e4rbrevalsen av Lars H\u00f6kpers<\/a> <a href=\"https:\/\/www.faluspelmanslag.se\/wp-content\/uploads\/2013\/09\/LMO-st\u00e4ama-Lisselh\u00e4rbresvalsen.mp3\">St\u00e4mma=><\/a><br><a href=\"https:\/\/www.faluspelmanslag.se\/wp-content\/uploads\/2020\/11\/Ollenas-Brudvals-001.mp3\">Ollenas brudvals av G\u00f6ran Wickman och Torbj\u00f6rn Rosell<\/a><br><a href=\"https:\/\/www.faluspelmanslag.se\/wp-content\/uploads\/2019\/02\/01-Pellikvalsen.mp3\">Pellikvalsen<\/a><br><a href=\"https:\/\/www.faluspelmanslag.se\/wp-content\/uploads\/2018\/01\/Pistvalsen.mp3\">Pistvalsen<\/a><br><a href=\"https:\/\/www.faluspelmanslag.se\/wp-content\/uploads\/2019\/02\/17-Vals-eft-B\u00f6rjes-Olle.mp3\">Vals efter B\u00f6rjes-Olle<\/a><br><a href=\"https:\/\/www.faluspelmanslag.se\/wp-content\/uploads\/2016\/09\/Vals-fr\u00e5n-Folldal-Dm-e-Sven-Nyhus1.mp3\">Vals fr\u00e5n Folldal efter Sven Nyhus<\/a> <a href=\"https:\/\/www.faluspelmanslag.se\/wp-content\/uploads\/2016\/09\/Vals-fr\u00e5n-Folldal-St\u00e4mma-1.mp3\">St\u00e4mma=><\/a><br><a href=\"https:\/\/www.faluspelmanslag.se\/wp-content\/uploads\/2013\/09\/TullAnders-Vals-e-Roligs-Per.mp3\">Vals efter Roligs Per<\/a><br><a href=\"https:\/\/www.faluspelmanslag.se\/wp-content\/uploads\/2022\/03\/Vals-e-Timas-Hans.mp3\">Vals efter Timas Hans<\/a><br><a href=\"https:\/\/www.faluspelmanslag.se\/wp-content\/uploads\/2021\/10\/Vals-efter-Vingel-Anders.mp3\">Vals efter Vingel-Anders<\/a> <a href=\"https:\/\/www.faluspelmanslag.se\/wp-content\/uploads\/2021\/10\/Vals-efter-Vingel-Anders-Henning-Andersson.pdf\">Noter==><\/a><br><a href=\"https:\/\/www.faluspelmanslag.se\/wp-content\/uploads\/2022\/03\/Vem-vill-ga-hem-valsen_i_tempo.mp3\">Vem vill g\u00e5 hem valsen av Ann Elving<\/a><br><a href=\"https:\/\/www.faluspelmanslag.se\/wp-content\/uploads\/2019\/02\/13-Solingvalsen.mp3\">Solingvalsen<\/a><br><a href=\"https:\/\/www.faluspelmanslag.se\/wp-content\/uploads\/2019\/02\/02-Spakens-Vals.mp3\">Spakens vals<\/a><br><a href=\"https:\/\/www.faluspelmanslag.se\/wp-content\/uploads\/2021\/08\/Stens-vals.m4a\">Stens vals<\/a><br><a href=\"https:\/\/www.faluspelmanslag.se\/wp-content\/uploads\/2016\/09\/Ulrikas-Vals-Gm-G-av-Emil-Olsson-Alfta-1.mp3\">Ulrikas vals av Emil Olsson<\/a> <a href=\"https:\/\/www.faluspelmanslag.se\/wp-content\/uploads\/2016\/09\/Ulrikas-vals-St\u00e4mma1.mp3\">St\u00e4mma=><\/a><br><a href=\"https:\/\/www.faluspelmanslag.se\/wp-content\/uploads\/2019\/02\/04-Viksta-Lasses-A-durs-vals.mp3\">Viksta-Lasses A-durs vals<\/a><br><a href=\"https:\/\/www.faluspelmanslag.se\/wp-content\/uploads\/2016\/09\/\u00c5sen-och-Silkes-valserna1.mp3\">\u00c5sen- och Silkesvalserna<\/a>\u00a0<a href=\"https:\/\/www.faluspelmanslag.se\/wp-content\/uploads\/2016\/09\/\u00c5sen-Silkes-V-St\u00e4mmor-1.mp3\">St\u00e4mmor==><\/a><br>\u00c4ppelbovalsen <a href=\"https:\/\/www.faluspelmanslag.se\/wp-content\/uploads\/2024\/09\/Appelbovalsen.pdf\">Noter==><\/a><br><a href=\"https:\/\/www.faluspelmanslag.se\/wp-content\/uploads\/2025\/01\/Erik-Larsa-Vals-Anton-Karlnlund-Ansatten-Melodi-KEE.mp3\">Ante Falk vals efter Anton Karnlund<\/a> <a href=\"https:\/\/www.faluspelmanslag.se\/wp-content\/uploads\/2015\/11\/Ante_Falk-Vals-Komp2.mp3\">St\u00e4mma\/komp==><\/a><br><a href=\"https:\/\/www.faluspelmanslag.se\/wp-content\/uploads\/2025\/10\/Ebbas-Brudvals-av-Bill-McCh-F-Brollops-Kapellet-.mp3\">Ebbas Brudvals<\/a><br><a href=\"https:\/\/www.faluspelmanslag.se\/wp-content\/uploads\/2026\/03\/KO-Kall-Valsen-Kall-LSN.mp3\">Kall-valsen , e LappNils\u00a0 och K.O<\/a><br><\/p>\n\n\n\n<h2 class=\"wp-block-heading\">Hambo<\/h2>\n\n\n\n<p class=\"wp-block-paragraph\"><a href=\"https:\/\/www.faluspelmanslag.se\/wp-content\/uploads\/2019\/02\/12-Norsk-Eklunda.mp3\">Norsk Eklunda<\/a><br><a href=\"https:\/\/www.faluspelmanslag.se\/wp-content\/uploads\/2018\/05\/Vendelpolskan.mp3\">Vendelpolskan<\/a> <a href=\"https:\/\/www.faluspelmanslag.se\/wp-content\/uploads\/2018\/05\/Vendelpolskan.png\">Noter=&gt;<\/a><\/p>\n\n\n\n<h2 class=\"wp-block-heading\">Polka\/Polkett<\/h2>\n\n\n\n<p class=\"wp-block-paragraph\"><a href=\"https:\/\/www.faluspelmanslag.se\/wp-content\/uploads\/2019\/02\/01-Ungerska-J\u00e4rnv\u00e4gen.mp3\" data-type=\"link\" data-id=\"https:\/\/www.faluspelmanslag.se\/wp-content\/uploads\/2019\/02\/01-Ungerska-J\u00e4rnv\u00e4gen.mp3\">Ungerska J\u00e4rnv\u00e4gen av Magnus B\u00e4ckstr\u00f6m<\/a><br><a href=\"https:\/\/www.faluspelmanslag.se\/wp-content\/uploads\/2019\/02\/14-Sl\u00e5tterpolketten.mp3\" data-type=\"link\" data-id=\"https:\/\/www.faluspelmanslag.se\/wp-content\/uploads\/2019\/02\/14-Sl\u00e5tterpolketten.mp3\">Sl\u00e5tterpolketten<\/a><\/p>\n\n\n\n<h2 class=\"wp-block-heading\">Mazurka<\/h2>\n\n\n\n<p class=\"wp-block-paragraph\"><a href=\"https:\/\/www.faluspelmanslag.se\/wp-content\/uploads\/2019\/02\/25-Kycklingfabriken.mp3\" data-type=\"link\" data-id=\"https:\/\/www.faluspelmanslag.se\/wp-content\/uploads\/2019\/02\/25-Kycklingfabriken.mp3\">Kycklingfabriken av Magnus B\u00e4ckstr\u00f6m<\/a><br><a href=\"https:\/\/www.faluspelmanslag.se\/wp-content\/uploads\/2019\/02\/02-Mazurka-fr\u00e5n-Malung-.mp3\" data-type=\"link\" data-id=\"https:\/\/www.faluspelmanslag.se\/wp-content\/uploads\/2019\/02\/02-Mazurka-fr\u00e5n-Malung-.mp3\">Mazurka fr\u00e5n Malung<\/a><\/p>\n<\/div>\n<\/div>\n\n\n\n<p class=\"wp-block-paragraph\"><\/p>\n","protected":false},"excerpt":{"rendered":"<p>Schottis Bingsj\u00f6schottisBoda kn\u00e4ppschottisBremsenB\u00e4snaschottisCykelhandlarn\u2019s efter Nils AgenmarkElins av Maria \u00c4hdelF-duringen efter Wilhelm HedundFire ShillingIvar Bergmans schottisJiddisch schottisMobergs av Lars MobergNormans schottis av Maria Jonsson Noter=>Piddelipom av Carina Normansson Noter=> l\u00e5ngsam=>Rheinl\u00e4nder fr\u00e5n &hellip; <a href=\"https:\/\/faluspelmanslag.se\/?page_id=4907\" class=\"more-link\">Forts\u00e4tt l\u00e4sa <span class=\"screen-reader-text\">\u00d6vriga l\u00e5tar<\/span> <span class=\"meta-nav\">&rarr;<\/span><\/a><\/p>\n","protected":false},"author":90,"featured_media":0,"parent":136,"menu_order":1,"comment_status":"closed","ping_status":"closed","template":"","meta":{"_crdt_document":"","_uag_custom_page_level_css":"","ngg_post_thumbnail":0,"footnotes":""},"class_list":["post-4907","page","type-page","status-publish","hentry"],"uagb_featured_image_src":{"full":false,"thumbnail":false,"medium":false,"medium_large":false,"large":false,"1536x1536":false,"2048x2048":false,"post-thumbnail":false},"uagb_author_info":{"display_name":"Hans Olander","author_link":"https:\/\/faluspelmanslag.se\/?author=90"},"uagb_comment_info":0,"uagb_excerpt":"Schottis Bingsj\u00f6schottisBoda kn\u00e4ppschottisBremsenB\u00e4snaschottisCykelhandlarn\u2019s efter Nils AgenmarkElins av Maria \u00c4hdelF-duringen efter Wilhelm HedundFire ShillingIvar Bergmans schottisJiddisch schottisMobergs av Lars MobergNormans schottis av Maria Jonsson Noter=>Piddelipom av Carina Normansson Noter=> l\u00e5ngsam=>Rheinl\u00e4nder fr\u00e5n &hellip; Forts\u00e4tt l\u00e4sa \u00d6vriga l\u00e5tar &rarr;","_links":{"self":[{"href":"https:\/\/faluspelmanslag.se\/index.php?rest_route=\/wp\/v2\/pages\/4907","targetHints":{"allow":["GET"]}}],"collection":[{"href":"https:\/\/faluspelmanslag.se\/index.php?rest_route=\/wp\/v2\/pages"}],"about":[{"href":"https:\/\/faluspelmanslag.se\/index.php?rest_route=\/wp\/v2\/types\/page"}],"author":[{"embeddable":true,"href":"https:\/\/faluspelmanslag.se\/index.php?rest_route=\/wp\/v2\/users\/90"}],"replies":[{"embeddable":true,"href":"https:\/\/faluspelmanslag.se\/index.php?rest_route=%2Fwp%2Fv2%2Fcomments&post=4907"}],"version-history":[{"count":74,"href":"https:\/\/faluspelmanslag.se\/index.php?rest_route=\/wp\/v2\/pages\/4907\/revisions"}],"predecessor-version":[{"id":6587,"href":"https:\/\/faluspelmanslag.se\/index.php?rest_route=\/wp\/v2\/pages\/4907\/revisions\/6587"}],"up":[{"embeddable":true,"href":"https:\/\/faluspelmanslag.se\/index.php?rest_route=\/wp\/v2\/pages\/136"}],"wp:attachment":[{"href":"https:\/\/faluspelmanslag.se\/index.php?rest_route=%2Fwp%2Fv2%2Fmedia&parent=4907"}],"curies":[{"name":"wp","href":"https:\/\/api.w.org\/{rel}","templated":true}]}}