{"id":6515,"date":"2026-03-10T19:30:54","date_gmt":"2026-03-10T17:30:54","guid":{"rendered":"https:\/\/www.faluspelmanslag.se\/?page_id=6515"},"modified":"2026-04-05T15:25:30","modified_gmt":"2026-04-05T13:25:30","slug":"latar-i-nothaftet-2","status":"publish","type":"page","link":"https:\/\/faluspelmanslag.se\/?page_id=6515","title":{"rendered":"L\u00e5tar i noth\u00e4ftet"},"content":{"rendered":"\n<h3 class=\"wp-block-heading\">H\u00e4r hittar du inspelningar med l\u00e5tarna i Falu Spelmanslags noth\u00e4fte!<\/h3>\n\n\n\n<h4 class=\"wp-block-heading\">Polskor:<\/h4>\n\n\n\n<figure class=\"wp-block-table\"><table class=\"has-fixed-layout\"><tbody><tr><td><a href=\"https:\/\/www.faluspelmanslag.se\/wp-content\/uploads\/2026\/03\/Balkanpolska-tempo-Ola-FSL.mp3\">Balkanpolskan<\/a><\/td><td>Ola B\u00e4ckstr\u00f6m<\/td><\/tr><tr><td><a href=\"https:\/\/www.faluspelmanslag.se\/wp-content\/uploads\/2019\/11\/Ebbas-Brudpolska.mp3\">Ebbas brudpolska<\/a><\/td><td>Ola B\u00e4ckstr\u00f6m<\/td><\/tr><tr><td><a href=\"https:\/\/www.faluspelmanslag.se\/wp-content\/uploads\/2018\/01\/Im-not-fed-up-with-the-pacific-ocean.mp3\">I&#8217;m not fed up with the Pacific Ocean<\/a><\/td><td>Ola B\u00e4ckstr\u00f6m<\/td><\/tr><tr><td><a href=\"https:\/\/www.faluspelmanslag.se\/wp-content\/uploads\/2020\/01\/Big-Horse-av-Ian-Carr.mp3\">Big Horse<\/a><\/td><td>Ian Carr<\/td><\/tr><tr><td><a href=\"https:\/\/www.faluspelmanslag.se\/wp-content\/uploads\/2026\/03\/Fahlander.mp3\">Storlien<\/a><\/td><td>Thomas Fahlander<\/td><\/tr><tr><td><a href=\"https:\/\/www.faluspelmanslag.se\/wp-content\/uploads\/2026\/03\/Nurse-to-death.mp3\">Nurse to death<\/a><\/td><td>Jan Florin<\/td><\/tr><tr><td><a href=\"https:\/\/www.faluspelmanslag.se\/wp-content\/uploads\/2026\/03\/Parlpolska.mp3\">P\u00e4rlpolskan<\/a><\/td><td>Jan Florin<\/td><\/tr><tr><td><a href=\"https:\/\/www.faluspelmanslag.se\/wp-content\/uploads\/2026\/03\/Vars-ska-du-bo-da.m4a\">Vars ska du bo da?<\/a><\/td><td>Jan Florin<\/td><\/tr><tr><td><a href=\"https:\/\/www.faluspelmanslag.se\/wp-content\/uploads\/2018\/01\/Br\u00f6drapolskan-av-Per-Gudmundsson.mp3\">Br\u00f6drapolskan<\/a><\/td><td>Per Gudmundson<\/td><\/tr><tr><td><a href=\"https:\/\/www.faluspelmanslag.se\/wp-content\/uploads\/2019\/08\/Grattis-Lotta.mp3\">Grattis Lotta<\/a><\/td><td>Per Gudmundson<\/td><\/tr><tr><td><a href=\"https:\/\/www.faluspelmanslag.se\/wp-content\/uploads\/2013\/09\/PEL-HUND.mp3\">Polska f\u00f6r fyra tassar<\/a><\/td><td>Pelle Gustafsson<\/td><\/tr><tr><td><a href=\"https:\/\/www.faluspelmanslag.se\/wp-content\/uploads\/2026\/03\/In-the-attic.mp3\">In the Attic<\/a><\/td><td>Lars H\u00f6kpers<\/td><\/tr><tr><td><a href=\"https:\/\/www.faluspelmanslag.se\/wp-content\/uploads\/2022\/03\/Kalle-A-Polska.mp3\">Kalle A:s polska<\/a><\/td><td>Lars H\u00f6kpers<\/td><\/tr><tr><td><a href=\"https:\/\/www.faluspelmanslag.se\/wp-content\/uploads\/2026\/03\/Ronny-SOLO.mp3\">Ronny och Inga-Lills 60 \u00e5rs polska<\/a><\/td><td>Lisa Karlstr\u00f6ms Rosell<\/td><\/tr><tr><td><a href=\"https:\/\/www.faluspelmanslag.se\/wp-content\/uploads\/2022\/03\/Lisslissla.mp3\">Lisslissla<\/a><\/td><td>Lars Ljunggren<\/td><\/tr><tr><td><a href=\"https:\/\/www.faluspelmanslag.se\/wp-content\/uploads\/2026\/03\/Rodhattan.mp3\">R\u00f6dh\u00e4ttehurven<\/a><\/td><td>Lars Ljungstr\u00f6m<\/td><\/tr><tr><td><a href=\"https:\/\/www.faluspelmanslag.se\/wp-content\/uploads\/2026\/03\/Forlovningspolska.mp3\">F\u00e4rdigbakat<\/a><\/td><td>Jan Lundin<\/td><\/tr><tr><td><a href=\"https:\/\/www.faluspelmanslag.se\/wp-content\/uploads\/2026\/03\/Fardigbakat.mp3\">Smedsbo brudpolska<\/a><\/td><td>Jan Lundin<\/td><\/tr><tr><td><a href=\"https:\/\/www.faluspelmanslag.se\/wp-content\/uploads\/2026\/03\/BillMc.mp3\">\u00c4ngsstunden<\/a><\/td><td>Bill McChesney<\/td><\/tr><tr><td><a href=\"https:\/\/www.faluspelmanslag.se\/wp-content\/uploads\/2026\/03\/Nastan-Jamt.mp3\">N\u00e4stan J\u00e4mt<\/a><\/td><td>Ylva Persson<\/td><\/tr><tr><td><a href=\"https:\/\/www.faluspelmanslag.se\/wp-content\/uploads\/2026\/03\/Barnleken.mp3\">Barnleken<\/a><\/td><td>Ylva Persson<\/td><\/tr><tr><td><a href=\"https:\/\/www.faluspelmanslag.se\/wp-content\/uploads\/2026\/03\/Asa-och-Magnus-Brollopspolska.mp3\">Br\u00f6llopspolska<\/a><\/td><td>Jan \u00c5slund<\/td><\/tr><tr><td><a href=\"https:\/\/www.faluspelmanslag.se\/wp-content\/uploads\/2026\/03\/Kingen.mp3\">Kingen<\/a><\/td><td>Jan \u00c5slund<\/td><\/tr><\/tbody><\/table><\/figure>\n\n\n\n<h4 class=\"wp-block-heading\">Valser:<\/h4>\n\n\n\n<figure class=\"wp-block-table\"><table class=\"has-fixed-layout\"><tbody><tr><td><a href=\"https:\/\/www.faluspelmanslag.se\/wp-content\/uploads\/2022\/03\/Vem-vill-ga-hem-valsen_i_tempo.mp3\">Vem-vill-g\u00e5-hem valsen<\/a><\/td><td>Ann Elving<\/td><\/tr><tr><td><a href=\"https:\/\/www.faluspelmanslag.se\/wp-content\/uploads\/2026\/03\/Ingegards-Vals.mp3\">Ingegerds vals<\/a><\/td><td>G\u00f6ran F\u00e4lt<\/td><\/tr><tr><td><a href=\"https:\/\/www.faluspelmanslag.se\/wp-content\/uploads\/2026\/03\/Ebbas-Vals.mp3\">Ebbas brudvals<\/a><\/td><td>Bill McChesney<\/td><\/tr><tr><td><a href=\"https:\/\/www.faluspelmanslag.se\/wp-content\/uploads\/2026\/03\/Elis-Gonattvals-A-LGWG.mp3\">Elis godnattvals<\/a><\/td><td>Lars-G\u00f6ran Weinberg<\/td><\/tr><tr><td><a href=\"https:\/\/www.faluspelmanslag.se\/wp-content\/uploads\/2026\/03\/Pa-Ostersidan-A-LGWG.mp3\">P\u00e5 \u00d6stersidan<\/a><\/td><td>Lars-G\u00f6ran Weinberg<\/td><\/tr><tr><td><a href=\"https:\/\/www.faluspelmanslag.se\/wp-content\/uploads\/2026\/03\/Kanske-olines-vals.mp3\">Ollenas brudvals<\/a><\/td><td>G\u00f6ran Wickman och Torbj\u00f6rn Rosell<\/td><\/tr><\/tbody><\/table><\/figure>\n\n\n\n<h4 class=\"wp-block-heading\">Mazurka:<\/h4>\n\n\n\n<figure class=\"wp-block-table\"><table class=\"has-fixed-layout\"><tbody><tr><td><a href=\"https:\/\/www.faluspelmanslag.se\/wp-content\/uploads\/2026\/03\/Kycklingfabriken.mp3\">Kycklingfabriken MAS-URK i A<\/a><\/td><td>Magnus B\u00e4ckstr\u00f6m<\/td><\/tr><\/tbody><\/table><\/figure>\n\n\n\n<h4 class=\"wp-block-heading\">Schottis:<\/h4>\n\n\n\n<figure class=\"wp-block-table\"><table class=\"has-fixed-layout\"><tbody><tr><td><a href=\"https:\/\/www.faluspelmanslag.se\/wp-content\/uploads\/2026\/03\/Spindeln-FSL-Normal.mp3\">Spindeln<\/a><\/td><td>Leif Elving<\/td><\/tr><tr><td><a href=\"https:\/\/www.faluspelmanslag.se\/wp-content\/uploads\/2026\/03\/Schottis.mp3\">Sjuttis<\/a><\/td><td>Lars H\u00f6kpers<\/td><\/tr><tr><td><a href=\"https:\/\/www.faluspelmanslag.se\/wp-content\/uploads\/2026\/03\/Farskschottis_1.mp3\">F\u00e4rsk Schottis<\/a><\/td><td>Maria Jonsson<\/td><\/tr><tr><td><a href=\"https:\/\/www.faluspelmanslag.se\/wp-content\/uploads\/2020\/02\/Normans-Schottis.mp3\">Normans schottis<\/a><\/td><td>Maria Jonsson<\/td><\/tr><tr><td><a href=\"https:\/\/www.faluspelmanslag.se\/wp-content\/uploads\/2022\/03\/Mobergs-Schottis.mp3\">Mobergs schottis<\/a><\/td><td>Lars Moberg<\/td><\/tr><tr><td><a href=\"https:\/\/www.faluspelmanslag.se\/wp-content\/uploads\/2022\/03\/Piddellipom-tempo.mp3\">Piddelipom<\/a><\/td><td>Carina Normansson<\/td><\/tr><tr><td><a href=\"https:\/\/www.faluspelmanslag.se\/wp-content\/uploads\/2026\/03\/Mobergs-schottis-1.mp3\">Tommys schottis<\/a><\/td><td>Tommy Runesson<\/td><\/tr><tr><td><a href=\"https:\/\/www.faluspelmanslag.se\/wp-content\/uploads\/2026\/03\/Ahdel.mp3\">Elins schottis<\/a><\/td><td>Maria \u00c4hdel<\/td><\/tr><\/tbody><\/table><\/figure>\n\n\n\n<h4 class=\"wp-block-heading\">\u00d6vriga l\u00e5tar<\/h4>\n\n\n\n<figure class=\"wp-block-table\"><table class=\"has-fixed-layout\"><tbody><tr><td><a href=\"https:\/\/www.faluspelmanslag.se\/wp-content\/uploads\/2026\/03\/Ungerska-Jarnvagen.mp3\">Ungerska j\u00e4rnv\u00e4gen<\/a><\/td><td>Magnus B\u00e4ckstr\u00f6m<\/td><\/tr><tr><td><a href=\"https:\/\/www.faluspelmanslag.se\/wp-content\/uploads\/2026\/03\/Kristinas-Polkett.mp3\">Hoppsa-polkett<\/a><\/td><td>Christina Olander<\/td><\/tr><tr><td><a href=\"https:\/\/www.faluspelmanslag.se\/wp-content\/uploads\/2026\/03\/Akademimarsch-OLA.mp3\">Akademisk h\u00f6gtidsmarsch<\/a><\/td><td>Ola B\u00e4ckstr\u00f6m<\/td><\/tr><tr><td><a href=\"https:\/\/www.faluspelmanslag.se\/wp-content\/uploads\/2022\/03\/Pasir-Panjang-Road.mp3\">Pasir Panjang Road<\/a><\/td><td>Lars Moberg<\/td><\/tr><tr><td><a href=\"https:\/\/www.faluspelmanslag.se\/wp-content\/uploads\/2026\/03\/Staberg-SOLO.mp3\">Stabergs g\u00e5ngl\u00e5t<\/a><\/td><td>Jan \u00c5slund<\/td><\/tr><\/tbody><\/table><\/figure>\n","protected":false},"excerpt":{"rendered":"<p>H\u00e4r hittar du inspelningar med l\u00e5tarna i Falu Spelmanslags noth\u00e4fte! Polskor: Balkanpolskan Ola B\u00e4ckstr\u00f6m Ebbas brudpolska Ola B\u00e4ckstr\u00f6m I&#8217;m not fed up with the Pacific Ocean Ola B\u00e4ckstr\u00f6m Big Horse &hellip; <a href=\"https:\/\/faluspelmanslag.se\/?page_id=6515\" class=\"more-link\">Forts\u00e4tt l\u00e4sa <span class=\"screen-reader-text\">L\u00e5tar i noth\u00e4ftet<\/span> <span class=\"meta-nav\">&rarr;<\/span><\/a><\/p>\n","protected":false},"author":211,"featured_media":0,"parent":0,"menu_order":6,"comment_status":"closed","ping_status":"closed","template":"","meta":{"_crdt_document":"","_uag_custom_page_level_css":"","ngg_post_thumbnail":0,"footnotes":""},"class_list":["post-6515","page","type-page","status-publish","hentry"],"uagb_featured_image_src":{"full":false,"thumbnail":false,"medium":false,"medium_large":false,"large":false,"1536x1536":false,"2048x2048":false,"post-thumbnail":false},"uagb_author_info":{"display_name":"Erik Svensson","author_link":"https:\/\/faluspelmanslag.se\/?author=211"},"uagb_comment_info":0,"uagb_excerpt":"H\u00e4r hittar du inspelningar med l\u00e5tarna i Falu Spelmanslags noth\u00e4fte! Polskor: Balkanpolskan Ola B\u00e4ckstr\u00f6m Ebbas brudpolska Ola B\u00e4ckstr\u00f6m I&#8217;m not fed up with the Pacific Ocean Ola B\u00e4ckstr\u00f6m Big Horse &hellip; Forts\u00e4tt l\u00e4sa L\u00e5tar i noth\u00e4ftet &rarr;","_links":{"self":[{"href":"https:\/\/faluspelmanslag.se\/index.php?rest_route=\/wp\/v2\/pages\/6515","targetHints":{"allow":["GET"]}}],"collection":[{"href":"https:\/\/faluspelmanslag.se\/index.php?rest_route=\/wp\/v2\/pages"}],"about":[{"href":"https:\/\/faluspelmanslag.se\/index.php?rest_route=\/wp\/v2\/types\/page"}],"author":[{"embeddable":true,"href":"https:\/\/faluspelmanslag.se\/index.php?rest_route=\/wp\/v2\/users\/211"}],"replies":[{"embeddable":true,"href":"https:\/\/faluspelmanslag.se\/index.php?rest_route=%2Fwp%2Fv2%2Fcomments&post=6515"}],"version-history":[{"count":9,"href":"https:\/\/faluspelmanslag.se\/index.php?rest_route=\/wp\/v2\/pages\/6515\/revisions"}],"predecessor-version":[{"id":6613,"href":"https:\/\/faluspelmanslag.se\/index.php?rest_route=\/wp\/v2\/pages\/6515\/revisions\/6613"}],"wp:attachment":[{"href":"https:\/\/faluspelmanslag.se\/index.php?rest_route=%2Fwp%2Fv2%2Fmedia&parent=6515"}],"curies":[{"name":"wp","href":"https:\/\/api.w.org\/{rel}","templated":true}]}}